{"id":128,"date":"2020-04-29T23:11:20","date_gmt":"2020-04-29T21:11:20","guid":{"rendered":"https:\/\/synchrojob.fr\/?page_id=128"},"modified":"2020-11-29T16:41:24","modified_gmt":"2020-11-29T15:41:24","slug":"coaching","status":"publish","type":"page","link":"https:\/\/www.synchrojob.fr\/index.php\/coaching\/","title":{"rendered":"Coaching"},"content":{"rendered":"<h2 _msthash=\"829075\" _msttexthash=\"594451\" style=\"text-align: center;\" _msthidden=\"1\">Sp\u00e9cialiste du Coaching en Transition Professionnelle<\/h2>\n<h2>Notre Expertise<\/h2>\n<h3><span style=\"color: var(43049);\"><\/span>BILAN DE COMPETENCES<\/h3>\n<p style=\"text-align: center;\"><strong>Retrouver l\u2019\u00e9panouissement professionnel et donner du sens \u00e0 votre carri\u00e8re<\/strong><strong><span style=\"\">&nbsp;!<\/span><\/strong><\/p>\n<p style=\"text-align: left;\"><span style=\"\">\u2714 Identifier ses nouvelles aspirations, trouver un m\u00e9tier en ad\u00e9quation avec ses valeurs &nbsp; &nbsp;<\/span><\/p>\n<p style=\"text-align: left;\"><span style=\"\">\u2714 Faire le point sur ses comp\u00e9tences, ses forces et talents<\/span><\/p>\n<p style=\"text-align: left;\"><span style=\"\">\u2714 Construire son nouveau projet professionnel avec un plan d&rsquo;action concret et motivant<\/span><\/p>\n<h3 style=\"text-align: left;\">Coaching Personnalis\u00e9<span style=\"color: var(43049);\"><\/span><\/h3>\n<p \"=\"\" style=\"text-align: center;\" tve-u-1760b48d6c8\"=\"\"><strong>R\u00e9ussir sa recherche d\u2019emploi ou sa <span style=\"\">reconversion professionnelle !<\/span><\/strong><\/p>\n<p><span>\u2714 Gagner en s\u00e9r\u00e9nit\u00e9 lors des entretiens d\u2019embauche ou rendez-vous clients<\/span><\/p>\n<p><span><span>\u2714 Doper votre confiance en vous et d\u00e9crocher les meilleurs opportunit\u00e9s du march\u00e9<\/span><\/span><\/p>\n<p><span>\u2714 Renforcer et ancrer sa motivation dans la dur\u00e9e<\/span><\/p>\n<h2 style=\"text-align: left;\">Notre Valeur Ajout\u00e9<\/h2>\n<p _msthash=\"803912\" _msttexthash=\"16716687\" style=\"text-align: center;\">Coach Professionnel certifi\u00e9e, dipl\u00f4m\u00e9e de la formation Linkup Coaching reconnue par l\u2019\u00e9tat, inscrite au RNCP Niveau 7<\/p>\n<p _msthash=\"803913\" _msttexthash=\"6024356\" style=\"text-align: center;\">Je mets \u00e0 votre service 14 ans d\u2019exp\u00e9rience en relations humaines<\/p>\n<p _msthash=\"803914\" _msttexthash=\"4285541\" style=\"text-align: center;\">(management, commercial, formation, recrutement, conseils et coaching individuel)<\/p>\n<p _msthash=\"803915\" _msttexthash=\"24786697\" style=\"text-align: center;\">De nature pragmatique et engag\u00e9e, je vous garantie professionnalisme, \u00e9coute et solutions concr\u00e8tes pour retrouver l\u2019\u00e9panouissement professionnel<\/p>\n<p style=\"text-align: center;\"><span style=\"text-decoration: none;\"><a _msthash=\"803916\" _msttexthash=\"2499107\" href=\"https:\/\/www.synchrojob.fr\/index.php\/code-deontologique-de-coaching-de-lemmc-france\/\" style=\"outline: none;\" target=\"_blank\" rel=\"noopener noreferrer\">T\u00e9l\u00e9charger le code d\u00e9ontologique de la profession &#8211; EMMC France<\/a><\/span><\/p>\n<h2 style=\"text-align: left;\">Vous souhaitez \u00eatre accompagn\u00e9 (e) ?<\/h2>\n<p> __CONFIG_colors_palette__{\u00ab\u00a0active_palette\u00a0\u00bb:0,\u00a0\u00bbconfig\u00a0\u00bb:{\u00ab\u00a0colors\u00a0\u00bb:{\u00ab\u00a062516\u00a0\u00bb:{\u00ab\u00a0name\u00a0\u00bb:\u00a0\u00bbMain Accent\u00a0\u00bb,\u00a0\u00bbparent\u00a0\u00bb:-1}},\u00a0\u00bbgradients\u00a0\u00bb:[]},\u00a0\u00bbpalettes\u00a0\u00bb:[{\u00ab\u00a0name\u00a0\u00bb:\u00a0\u00bbDefault Palette\u00a0\u00bb,\u00a0\u00bbvalue\u00a0\u00bb:{\u00ab\u00a0colors\u00a0\u00bb:{\u00ab\u00a062516\u00a0\u00bb:{\u00ab\u00a0val\u00a0\u00bb:\u00a0\u00bbvar(&#8211;tcb-tpl-color-0)\u00a0\u00bb,\u00a0\u00bbhsl\u00a0\u00bb:{\u00ab\u00a0h\u00a0\u00bb:76,\u00a0\u00bbs\u00a0\u00bb:0.8367,\u00a0\u00bbl\u00a0\u00bb:0.01}}},\u00a0\u00bbgradients\u00a0\u00bb:[]}}]}__CONFIG_colors_palette__ <a href=\"https:\/\/www.synchrojob.fr\/index.php\/contact\/\" target=\"_blank\" style=\"\" rel=\"noopener noreferrer\"> <span><span style=\"\">Prendre mon RDV de D\u00e9couverte<\/span><\/span> <\/a> <\/p>\n<h2 style=\"text-align: left;\">Notre Recommandations<\/h2>\n<p><span style=\"width: 100%;\"><img decoding=\"async\" alt=\"\" width=\"160\" height=\"160\" title=\"bright_testimoniale_image3\" data-id=\"46423\" src=\"\/\/synchrojob.fr\/wp-content\/uploads\/tcb_content_templates\/\/images\/bright_testimoniale_image3.jpg\" style=\"\" data-width=\"160\" data-height=\"160\" data-init-width=\"170\" data-init-height=\"170\" loading=\"lazy\"><\/span><\/p>\n<p _msthash=\"5302167\" _msttexthash=\"3325638446\" style=\"\">\u00ab Avant le coaching, je ressentais une grande lassitude par rapport \u00e0 mon travail, je voulais tout changer sans vraiment comprendre la nature du probl\u00e8me profond, je m\u00e9langeais mes ressentis et n\u2019arrivais pas \u00e0 identifier clairement mes sources d\u2019insatisfaction. Suite \u00e0 ce travail avec la coach, je suis plus sereine, beaucoup plus positif et je me sens plus zen. Ce coaching m\u2019a permis de faire le point sur mon parcours professionnel et de d\u00e9terminer concr\u00e8tement ce qui r\u00e9ellement me posait probl\u00e8me dans ma situation professionnelle actuelle. Marina est une personne accueillante et souriante. D\u00e8s les premi\u00e8res minutes de l\u2019entretien, sur ressent son professionnalisme et son sens de l\u2019\u00e9coute. Ses outils pertinents et adapt\u00e9s, permet d\u2019orienter dans la bonne direction, d\u2019aider \u00e0 cibler et faire le tri dans la confusion qui peut parfois r\u00e9gner dans le cadre d\u2019un souhait de reconversion professionnelle. Par ailleurs, ce travail permet \u00e9galement de regarder ses options sous un \u0153il impartial et de voir ainsi non seulement les aspects qui ne nous conviennent pas mais aussi les aspects de notre profession qui nous plaisent. Gr\u00e2ce ces s\u00e9ances j\u2019ai pu me rendre compte que mon travail n\u2019est pas ma source d\u2019insatisfaction principale mais qu\u2019il s\u2019agit plut\u00f4t de l\u2019environnement de travail, ce qui m\u2019a amen\u00e9 \u00e0 envisager une mutation afin d\u2019\u00e9voluer dans un environnement plus sain. Je me suis aussi rendu compte que les activit\u00e9s que j\u2019envisageais pour remplacer mon travail actuel, ne me conviendraient pas sur un temps plein mais plut\u00f4t comme une activit\u00e9 annexe. Enfin, ce travail avec Marina m\u2019a permis de retrouver le sourire, une motivation et un dynamisme que j\u2019avais perdue depuis un long moment. Je me sens redynamiser et merci encore pour le travail accompli avec moi \u00bb<\/p>\n<p _msthash=\"4082299\" _msttexthash=\"319943\" style=\"\"><strong _istranslated=\"1\"> <span style=\"text-transform: uppercase; color: var(--tcb-tpl-color-7);\" _istranslated=\"1\">laetitia<\/span><span style=\"color: var(--tcb-tpl-color-7);\"> <\/span><\/strong><span style=\"color: var(--tcb-tpl-color-7);\">&nbsp;\/\/ Cli<\/span>ente<\/p>\n<p _msthash=\"5302168\" _msttexthash=\"1270704942\" style=\"\">\u00ab La Coach Marina est une personne chaleureuse, motivante avec un bon sens du relationnel, et elle a rencontr\u00e9 \u00e0 l\u2019aise instantan\u00e9ment, instaure rapidement un climat de confiance. Avant le coaching, j\u2019\u00e9tais compl\u00e8tement d\u00e9sorient\u00e9e sur ma situation professionnelle. Ces s\u00e9ances m\u2019ont permis des prises de conscience au plus profond de moi-m\u00eame sur des blocages psychologiques sur lesquels nous avons travaill\u00e9 durant les s\u00e9ances. L\u2019objectif de base est de trouver ma voie ce qui fut le cas mais cela a entra\u00een\u00e9 aussi un changement consid\u00e9rable sur ma fa\u00e7on de voir les choses et de faire face aux obstacles et craintes m\u00eame sur d\u2019autres sujets du quotidien. Ces s\u00e9ances m\u2019ont grandement fait progresser et pas qu\u2019au niveau professionnel mais aussi dans ma vie personnelle. Le coaching permet de faire un point sur notre situation, nous aide \u00e0 prendre du recul et \u00e0 analyser nos souhaits profonds afin d\u2019y voir plus clair, nous aide \u00e0 levier nos craintes et barri\u00e8res afin d\u2019avancer dans la direction choisie. Le rythme et les supports sont parfaitement adapt\u00e9s \u00e0 nos besoins. Il est important d\u2019\u00e9changer avec une personne neutre et sachant parfaitement vous accompagnez en fonction de vos besoins. \u00bb<\/p>\n<p _msthash=\"4082300\" _msttexthash=\"321308\" style=\"\"><strong _istranslated=\"1\"> <span _istranslated=\"1\" style=\"text-transform: uppercase; color: var(--tcb-tpl-color-7);\">virginie<\/span><\/strong>\/\/ Cliente<\/p>\n    <!-- sktbuilder starter --><script type=\"text\/javascript\" src=\"https:\/\/www.synchrojob.fr\/wp-content\/plugins\/skt-builder\/sktbuilder\/sktbuilder-frontend-starter.js\"><\/script><script type=\"text\/javascript\" src=\"https:\/\/www.synchrojob.fr\/wp-content\/plugins\/skt-builder\/sktbuilder-wordpress-driver.js\"><\/script><script type=\"text\/javascript\"> var starter = new SktbuilderStarter({\"mode\": \"prod\", \"skip\":[\"jquery\",\"underscore\",\"backbone\"],\"sktbuilderUrl\": \"https:\/\/www.synchrojob.fr\/wp-content\/plugins\/skt-builder\/sktbuilder\/\", \"driver\": new SktbuilderWordpressDriver({\"ajaxUrl\": \"https:\/\/www.synchrojob.fr\/wp-admin\/admin-ajax.php\", \"iframeUrl\": \"https:\/\/www.synchrojob.fr\/index.php\/coaching\/?sktbuilder=true\", \"pageId\": 128, \"pages\": [], \"page\": \"Coaching\" }) });<\/script><!-- end sktbuilder starter -->","protected":false},"excerpt":{"rendered":"<p>Sp\u00e9cialiste du Coaching en Transition Professionnelle Notre Expertise BILAN DE COMPETENCES Retrouver l\u2019\u00e9panouissement professionnel et donner du sens \u00e0 votre carri\u00e8re&nbsp;! \u2714 Identifier ses nouvelles aspirations, trouver un m\u00e9tier en ad\u00e9quation avec ses valeurs &nbsp; &nbsp; \u2714 Faire le point sur ses comp\u00e9tences, ses forces et talents \u2714 Construire son nouveau projet professionnel avec un [&hellip;]<\/p>\n","protected":false},"author":1,"featured_media":0,"parent":0,"menu_order":0,"comment_status":"closed","ping_status":"closed","template":"","meta":{"footnotes":""},"class_list":["post-128","page","type-page","status-publish","hentry","post-wrapper","thrv_wrapper"],"_links":{"self":[{"href":"https:\/\/www.synchrojob.fr\/index.php\/wp-json\/wp\/v2\/pages\/128","targetHints":{"allow":["GET"]}}],"collection":[{"href":"https:\/\/www.synchrojob.fr\/index.php\/wp-json\/wp\/v2\/pages"}],"about":[{"href":"https:\/\/www.synchrojob.fr\/index.php\/wp-json\/wp\/v2\/types\/page"}],"author":[{"embeddable":true,"href":"https:\/\/www.synchrojob.fr\/index.php\/wp-json\/wp\/v2\/users\/1"}],"replies":[{"embeddable":true,"href":"https:\/\/www.synchrojob.fr\/index.php\/wp-json\/wp\/v2\/comments?post=128"}],"version-history":[{"count":114,"href":"https:\/\/www.synchrojob.fr\/index.php\/wp-json\/wp\/v2\/pages\/128\/revisions"}],"predecessor-version":[{"id":991,"href":"https:\/\/www.synchrojob.fr\/index.php\/wp-json\/wp\/v2\/pages\/128\/revisions\/991"}],"wp:attachment":[{"href":"https:\/\/www.synchrojob.fr\/index.php\/wp-json\/wp\/v2\/media?parent=128"}],"curies":[{"name":"wp","href":"https:\/\/api.w.org\/{rel}","templated":true}]}}