{"id":130,"date":"2020-04-29T23:11:52","date_gmt":"2020-04-29T21:11:52","guid":{"rendered":"https:\/\/synchrojob.fr\/?page_id=130"},"modified":"2021-05-04T16:31:09","modified_gmt":"2021-05-04T14:31:09","slug":"recrutement","status":"publish","type":"page","link":"https:\/\/www.synchrojob.fr\/index.php\/recrutement\/","title":{"rendered":"Recrutement"},"content":{"rendered":"<h2 style=\"text-align: center;\"><\/h2>\n<h2 style=\"text-align: center;\" _msthash=\"825136\" _msttexthash=\"2475499\"><strong _istranslated=\"1\">Sp\u00e9cialiste du Recrutement <\/strong><strong _istranslated=\"1\">au sein de la Direction Financi\u00e8re<\/strong><\/h2>\n<h2 style=\"text-align: center;\"><strong _msthash=\"825137\" _msttexthash=\"1428453\">Profil Op\u00e9rationnel, Middle et Top Management<\/strong><strong>&nbsp;<\/strong><strong><\/strong><\/h2>\n<h2 style=\"text-align: center;\"><\/h2>\n<h2 style=\"text-align: left;\">Notre Expertise<\/h2>\n<h6><strong _msthash=\"5358184\" _msttexthash=\"235404\">Comptabilit\u00e9<\/strong><\/h6>\n<p style=\"text-align: center;\" _msthash=\"3023137\" _msttexthash=\"138554\">Assistant<\/p>\n<p style=\"text-align: center;\" _msthash=\"3023138\" _msttexthash=\"611923\">Facturation\/recouvrement<\/p>\n<p style=\"text-align: center;\" _msthash=\"3023139\" _msttexthash=\"416910\">Comptable auxiliaire<\/p>\n<p style=\"text-align: center;\" _msthash=\"3023140\" _msttexthash=\"375804\">Comptable g\u00e9n\u00e9ral<\/p>\n<p style=\"text-align: center;\" _msthash=\"3023141\" _msttexthash=\"657865\">Charg\u00e9 de dossier\/R\u00e9viseur<\/p>\n<p style=\"text-align: center;\" _msthash=\"3023142\" _msttexthash=\"856752\">Responsable\/ Directeur Comptable<\/p>\n<h5><strong _msthash=\"5356923\" _msttexthash=\"111943\">Finance<\/strong><\/h5>\n<p style=\"text-align: center;\" _msthash=\"3023143\" _msttexthash=\"2186054\">Contr\u00f4le de gestion (Corporate\/Op\u00e9rationnel\/Direction)<\/p>\n<p style=\"text-align: center;\" _msthash=\"3023144\" _msttexthash=\"1841359\">Contr\u00f4leur Interne ou Auditeur Interne<\/p>\n<p style=\"text-align: center;\" _msthash=\"3023145\" _msttexthash=\"235027\">Consolidateur<\/p>\n<p style=\"text-align: center;\" _msthash=\"3023146\" _msttexthash=\"220233\">Tr\u00e9sorier (en)<\/p>\n<p style=\"text-align: center;\" _msthash=\"3023147\" _msttexthash=\"490815\">Gestionnaire de cr\u00e9dit<\/p>\n<p style=\"text-align: center;\" _msthash=\"3023148\" _msttexthash=\"631371\">Contr\u00f4leur Financier \/ RAF\/ DAF<\/p>\n<h2 style=\"\"><strong _msthash=\"825422\" _msttexthash=\"385203\">Notre Valeur Ajout\u00e9<\/strong><\/h2>\n<p style=\"text-align: center;\" _msthash=\"3022799\" _msttexthash=\"6671314\">\u00ab Il n\u2019y a pas de hasard, il n\u2019y a que des rendez-vous. \u00bb Paul Eluard<\/p>\n<p style=\"font-size: 100px !important;\" _msthash=\"4082923\" _msttexthash=\"9464\">01<\/p>\n<h3 style=\"text-align: left;\"><strong _msthash=\"5358327\" _msttexthash=\"230269\">PARTENAIRE UNIQUE<\/strong><\/h3>\n<p style=\"text-align: center;\">\n<p style=\"text-align: center;\" _msthash=\"5302791\" _msttexthash=\"912782\">Un seul interlocuteur au quotidien<\/p>\n<p style=\"text-align: center;\" _msthash=\"5302792\" _msttexthash=\"394407\">Investi sur la dur\u00e9e<\/p>\n<p style=\"text-align: center;\" _msthash=\"5302793\" _msttexthash=\"1146145\">Expert sur les m\u00e9tiers Compta\/Finance\/RH<\/p>\n<p style=\"text-align: center;\">\n<p style=\"font-size: 100px !important;\" _msthash=\"4082924\" _msttexthash=\"9568\">02<\/p>\n<h3 style=\"\"><strong _msthash=\"5358328\" _msttexthash=\"1879475\">ENGAGEMENT TERRAIN<\/strong><\/h3>\n<p style=\"text-align: center;\" _msthash=\"5302794\" _msttexthash=\"2988063\">Ecoute et Conseils strat\u00e9giques pour allier r\u00e9activit\u00e9 + qualit\u00e9<\/p>\n<p style=\"text-align: center;\" _msthash=\"5302795\" _msttexthash=\"6658184\">Mobilisation des pratiques et partenaires d\u2019experts<\/p>\n<p style=\"text-align: center;\" _msthash=\"5302796\" _msttexthash=\"3269292\">Mise en lumi\u00e8re de vos atouts pour attirer les meilleures opportunit\u00e9s<\/p>\n<p style=\"font-size: 100px !important;\" _msthash=\"4082925\" _msttexthash=\"9672\">03<\/p>\n<h3 style=\"\"><strong _msthash=\"5358329\" _msttexthash=\"207259\">AUTHENTICITE&nbsp;<\/strong><\/h3>\n<p>&nbsp;<\/p>\n<p style=\"text-align: center;\" _msthash=\"5302797\" _msttexthash=\"2165462\">Relation bas\u00e9e sur la sinc\u00e9rit\u00e9 et la confiance mutuelle<\/p>\n<p style=\"text-align: center;\" _msthash=\"5302798\" _msttexthash=\"1243424\">Accompagnement qualitatif de proximit\u00e9<\/p>\n<p style=\"text-align: center;\">\n<h2 style=\"\"><strong _msthash=\"2156934\" _msttexthash=\"354575\">Nos Offres du moment<\/strong><\/h2>\n<div class=\"tcb-post-list tve-content-list thrv_wrapper\" data-type=\"grid\" data-pagination-type=\"none\" data-pages_near_current=\"2\" data-css=\"tve-u-17592d602bf\" data-no_posts_text=\"There are no posts to display.\" data-total_post_count=\"4\" data-total_sticky_count=\"0\"><article id=\"post-1321\" class=\"post-1321 post type-post status-publish format-standard has-post-thumbnail hentry category-offre-a-pourvoir post-wrapper thrv_wrapper thrive-animated-item \" data-id=\"1321\" data-selector=\".post-wrapper\"><style class=\"tcb-post-list-dynamic-style\" type=\"text\/css\"><\/style><a class=\"tcb-post-thumbnail tcb-shortcode thrv_wrapper tcb-shortcode thrive-shortcode\" href=\"https:\/\/www.synchrojob.fr\/index.php\/2024\/02\/27\/superviseur-comptable-auxiliaire-et-tresorerie\/\" data-type-url=\"post_url\" data-type-display=\"nothing\" data-css=\"tve-u-17592d8da09\" data-size=\"thumbnail\" data-post_id=\"1321\" data-title=\"post_title\"><img loading=\"lazy\" decoding=\"async\" width=\"150\" height=\"150\" src=\"https:\/\/www.synchrojob.fr\/wp-content\/uploads\/2020\/05\/Synchrojob-recrute-150x150.png\" class=\"attachment-thumbnail size-thumbnail wp-post-image\" alt=\"\" \/><\/a><\/p>\n<p><span data-attr-link=\"1\" data-attr-rel=\"0\" data-attr-target=\"0\" data-extra_key=\"\" data-option-inline=\"1\" data-shortcode=\"tcb_post_categories\" data-shortcode-name=\"List of Categories\" data-attr-static-link=\"{&quot;className&quot;:&quot;tve-froala fr-basic&quot;,&quot;href&quot;:&quot;https:\/\/www.synchrojob.fr\/index.php\/category\/offre-a-pourvoir\/&quot;,&quot;title&quot;:&quot;Offre \u00e0 pourvoir&quot;,&quot;data-css&quot;:&quot;tve-u-17592d815a6&quot;,&quot;class&quot;:&quot;tve-froala fr-basic&quot;}\" data-attr-css=\"tve-u-17592d815a6\"><a href=\"https:\/\/www.synchrojob.fr\/index.php\/category\/offre-a-pourvoir\/\" title=\"Offre \u00e0 pourvoir\" data-css=\"tve-u-17592d815a6\" class=\"tve-froala fr-basic\">Offre \u00e0 pourvoir<\/a><\/span> <\/p>\n<h2><span data-attr-link=\"0\" data-attr-rel=\"0\" data-attr-target=\"0\" data-extra_key=\"\" data-option-inline=\"1\" data-shortcode=\"tcb_post_title\" data-shortcode-name=\"Post title\" style=\"font-size: 18px !important;\" _msthash=\"816114\" _msttexthash=\"405470\">Superviseur Comptable Auxiliaire et Tr\u00e9sorerie<\/span> <\/h2>\n<p> <section class=\"tcb-post-content tcb-shortcode thrv_wrapper\"><p>Synchrojob recrute un Supervision Comptable Auxiliaire et tr\u00e9sorerie H\/F en CDI pour <a class=\"more-link\" href=\"https:\/\/www.synchrojob.fr\/index.php\/2024\/02\/27\/superviseur-comptable-auxiliaire-et-tresorerie\/#more-1321\"><\/a><\/p><\/section><a href=\"https:\/\/www.synchrojob.fr\/index.php\/2024\/02\/27\/superviseur-comptable-auxiliaire-et-tresorerie\/\"><span><span style=\"\" _msthash=\"1056198\" _msttexthash=\"117871\">Lire plus<\/span><\/span><\/a><\/article><article id=\"post-1318\" class=\"post-1318 post type-post status-publish format-standard has-post-thumbnail hentry category-offre-a-pourvoir post-wrapper thrv_wrapper thrive-animated-item \" data-id=\"1318\" data-selector=\".post-wrapper\"><style class=\"tcb-post-list-dynamic-style\" type=\"text\/css\"><\/style><a class=\"tcb-post-thumbnail tcb-shortcode thrv_wrapper tcb-shortcode thrive-shortcode\" href=\"https:\/\/www.synchrojob.fr\/index.php\/2024\/02\/27\/controleur-de-gestion-internationnal\/\" data-type-url=\"post_url\" data-type-display=\"nothing\" data-css=\"tve-u-17592d8da09\" data-size=\"thumbnail\" data-post_id=\"1318\" data-title=\"post_title\"><img loading=\"lazy\" decoding=\"async\" width=\"150\" height=\"150\" src=\"https:\/\/www.synchrojob.fr\/wp-content\/uploads\/2020\/05\/Synchrojob-recrute-150x150.png\" class=\"attachment-thumbnail size-thumbnail wp-post-image\" alt=\"\" \/><\/a><\/p>\n<p><span data-attr-link=\"1\" data-attr-rel=\"0\" data-attr-target=\"0\" data-extra_key=\"\" data-option-inline=\"1\" data-shortcode=\"tcb_post_categories\" data-shortcode-name=\"List of Categories\" data-attr-static-link=\"{&quot;className&quot;:&quot;tve-froala fr-basic&quot;,&quot;href&quot;:&quot;https:\/\/www.synchrojob.fr\/index.php\/category\/offre-a-pourvoir\/&quot;,&quot;title&quot;:&quot;Offre \u00e0 pourvoir&quot;,&quot;data-css&quot;:&quot;tve-u-17592d815a6&quot;,&quot;class&quot;:&quot;tve-froala fr-basic&quot;}\" data-attr-css=\"tve-u-17592d815a6\"><a href=\"https:\/\/www.synchrojob.fr\/index.php\/category\/offre-a-pourvoir\/\" title=\"Offre \u00e0 pourvoir\" data-css=\"tve-u-17592d815a6\" class=\"tve-froala fr-basic\">Offre \u00e0 pourvoir<\/a><\/span> <\/p>\n<h2><span data-attr-link=\"0\" data-attr-rel=\"0\" data-attr-target=\"0\" data-extra_key=\"\" data-option-inline=\"1\" data-shortcode=\"tcb_post_title\" data-shortcode-name=\"Post title\" style=\"font-size: 18px !important;\" _msthash=\"816114\" _msttexthash=\"405470\">Contr\u00f4leur de gestion Internationnal<\/span> <\/h2>\n<p> <section class=\"tcb-post-content tcb-shortcode thrv_wrapper\"><p>Vous recherchez une culture d\u2019entreprise m\u00ealant : &nbsp;\u00ab&nbsp;Bienveillance + Collaboration + Ambition <a class=\"more-link\" href=\"https:\/\/www.synchrojob.fr\/index.php\/2024\/02\/27\/controleur-de-gestion-internationnal\/#more-1318\"><\/a><\/p><\/section><a href=\"https:\/\/www.synchrojob.fr\/index.php\/2024\/02\/27\/controleur-de-gestion-internationnal\/\"><span><span style=\"\" _msthash=\"1056198\" _msttexthash=\"117871\">Lire plus<\/span><\/span><\/a><\/article><article id=\"post-1315\" class=\"post-1315 post type-post status-publish format-standard has-post-thumbnail hentry category-offre-a-pourvoir post-wrapper thrv_wrapper thrive-animated-item \" data-id=\"1315\" data-selector=\".post-wrapper\"><style class=\"tcb-post-list-dynamic-style\" type=\"text\/css\"><\/style><a class=\"tcb-post-thumbnail tcb-shortcode thrv_wrapper tcb-shortcode thrive-shortcode\" href=\"https:\/\/www.synchrojob.fr\/index.php\/2024\/02\/27\/controleur-de-gestion-france\/\" data-type-url=\"post_url\" data-type-display=\"nothing\" data-css=\"tve-u-17592d8da09\" data-size=\"thumbnail\" data-post_id=\"1315\" data-title=\"post_title\"><img loading=\"lazy\" decoding=\"async\" width=\"150\" height=\"150\" src=\"https:\/\/www.synchrojob.fr\/wp-content\/uploads\/2020\/05\/Synchrojob-recrute-150x150.png\" class=\"attachment-thumbnail size-thumbnail wp-post-image\" alt=\"\" \/><\/a><\/p>\n<p><span data-attr-link=\"1\" data-attr-rel=\"0\" data-attr-target=\"0\" data-extra_key=\"\" data-option-inline=\"1\" data-shortcode=\"tcb_post_categories\" data-shortcode-name=\"List of Categories\" data-attr-static-link=\"{&quot;className&quot;:&quot;tve-froala fr-basic&quot;,&quot;href&quot;:&quot;https:\/\/www.synchrojob.fr\/index.php\/category\/offre-a-pourvoir\/&quot;,&quot;title&quot;:&quot;Offre \u00e0 pourvoir&quot;,&quot;data-css&quot;:&quot;tve-u-17592d815a6&quot;,&quot;class&quot;:&quot;tve-froala fr-basic&quot;}\" data-attr-css=\"tve-u-17592d815a6\"><a href=\"https:\/\/www.synchrojob.fr\/index.php\/category\/offre-a-pourvoir\/\" title=\"Offre \u00e0 pourvoir\" data-css=\"tve-u-17592d815a6\" class=\"tve-froala fr-basic\">Offre \u00e0 pourvoir<\/a><\/span> <\/p>\n<h2><span data-attr-link=\"0\" data-attr-rel=\"0\" data-attr-target=\"0\" data-extra_key=\"\" data-option-inline=\"1\" data-shortcode=\"tcb_post_title\" data-shortcode-name=\"Post title\" style=\"font-size: 18px !important;\" _msthash=\"816114\" _msttexthash=\"405470\">Contr\u00f4leur de gestion France<\/span> <\/h2>\n<p> <section class=\"tcb-post-content tcb-shortcode thrv_wrapper\"><p>Vous recherchez une culture d\u2019entreprise m\u00ealant : &nbsp;\u00ab&nbsp;Bienveillance + Collaboration + Ambition <a class=\"more-link\" href=\"https:\/\/www.synchrojob.fr\/index.php\/2024\/02\/27\/controleur-de-gestion-france\/#more-1315\"><\/a><\/p><\/section><a href=\"https:\/\/www.synchrojob.fr\/index.php\/2024\/02\/27\/controleur-de-gestion-france\/\"><span><span style=\"\" _msthash=\"1056198\" _msttexthash=\"117871\">Lire plus<\/span><\/span><\/a><\/article><article id=\"post-1247\" class=\"post-1247 post type-post status-publish format-standard has-post-thumbnail hentry category-offre-a-pourvoir post-wrapper thrv_wrapper thrive-animated-item \" data-id=\"1247\" data-selector=\".post-wrapper\"><style class=\"tcb-post-list-dynamic-style\" type=\"text\/css\"><\/style><a class=\"tcb-post-thumbnail tcb-shortcode thrv_wrapper tcb-shortcode thrive-shortcode\" href=\"https:\/\/www.synchrojob.fr\/index.php\/2022\/11\/29\/comptable-client-h-f-francheville\/\" data-type-url=\"post_url\" data-type-display=\"nothing\" data-css=\"tve-u-17592d8da09\" data-size=\"thumbnail\" data-post_id=\"1247\" data-title=\"post_title\"><img loading=\"lazy\" decoding=\"async\" width=\"150\" height=\"150\" src=\"https:\/\/www.synchrojob.fr\/wp-content\/uploads\/2020\/05\/Synchrojob-recrute-150x150.png\" class=\"attachment-thumbnail size-thumbnail wp-post-image\" alt=\"\" \/><\/a><\/p>\n<p><span data-attr-link=\"1\" data-attr-rel=\"0\" data-attr-target=\"0\" data-extra_key=\"\" data-option-inline=\"1\" data-shortcode=\"tcb_post_categories\" data-shortcode-name=\"List of Categories\" data-attr-static-link=\"{&quot;className&quot;:&quot;tve-froala fr-basic&quot;,&quot;href&quot;:&quot;https:\/\/www.synchrojob.fr\/index.php\/category\/offre-a-pourvoir\/&quot;,&quot;title&quot;:&quot;Offre \u00e0 pourvoir&quot;,&quot;data-css&quot;:&quot;tve-u-17592d815a6&quot;,&quot;class&quot;:&quot;tve-froala fr-basic&quot;}\" data-attr-css=\"tve-u-17592d815a6\"><a href=\"https:\/\/www.synchrojob.fr\/index.php\/category\/offre-a-pourvoir\/\" title=\"Offre \u00e0 pourvoir\" data-css=\"tve-u-17592d815a6\" class=\"tve-froala fr-basic\">Offre \u00e0 pourvoir<\/a><\/span> <\/p>\n<h2><span data-attr-link=\"0\" data-attr-rel=\"0\" data-attr-target=\"0\" data-extra_key=\"\" data-option-inline=\"1\" data-shortcode=\"tcb_post_title\" data-shortcode-name=\"Post title\" style=\"font-size: 18px !important;\" _msthash=\"816114\" _msttexthash=\"405470\">Comptable Client H\/F Francheville<\/span> <\/h2>\n<p> <section class=\"tcb-post-content tcb-shortcode thrv_wrapper\"><p>D\u00e9butant Accept\u00e9 Synchrojob recherche un ou une Comptable Client en CDI \u00e0 <a class=\"more-link\" href=\"https:\/\/www.synchrojob.fr\/index.php\/2022\/11\/29\/comptable-client-h-f-francheville\/#more-1247\"><\/a><\/p><\/section><a href=\"https:\/\/www.synchrojob.fr\/index.php\/2022\/11\/29\/comptable-client-h-f-francheville\/\"><span><span style=\"\" _msthash=\"1056198\" _msttexthash=\"117871\">Lire plus<\/span><\/span><\/a><\/article><\/div>\n<h2 style=\"\"><strong _msthash=\"825423\" _msttexthash=\"950885\">Vous souhaitez \u00eatre accompagn\u00e9 (e ) ?<\/strong><\/h2>\n<p style=\"text-align: center;\"><span _msthash=\"2123043\" _msttexthash=\"9255285\">Vous recherchez votre futur collaborateur ? Un savoir-\u00eatre adapt\u00e9 \u00e0 votre culture d&rsquo;entreprise et des comp\u00e9tences cibl\u00e9es ?&nbsp;<\/span><\/p>\n<p style=\"text-align: center;\" _msthash=\"2123044\" _msttexthash=\"4988438\"><span>Prenons le temps d&rsquo;\u00e9changer ensemble&nbsp;<\/span><span>et rentrez en relation avec nos candidats partenaires !<\/span><\/p>\n<p style=\"text-align: center;\" _msthash=\"2123045\" _msttexthash=\"7953855\">Vous recherchez une nouvelle opportunit\u00e9 professionnelle ? Une entreprise partageant vos valeurs et vos ambitions ?<\/p>\n<p style=\"text-align: center;\" _msthash=\"2123046\" _msttexthash=\"7476755\"><span _istranslated=\"1\">Prenons le temps d\u2019\u00e9changer ensemble <\/span><span _istranslated=\"1\">et rentrez en relation avec nos soci\u00e9t\u00e9s partenaires !<\/span><\/p>\n<h2 style=\"\"><strong _msthash=\"825424\" _msttexthash=\"383682\">Nos Recommandations<\/strong><\/h2>\n<p><span style=\"width: 100%;\"><img decoding=\"async\" alt=\"\" width=\"160\" height=\"160\" title=\"bright_testimoniale_image1\" data-id=\"46428\" src=\"\/\/synchrojob.fr\/wp-content\/uploads\/tcb_content_templates\/\/images\/bright_testimoniale_image1-1.jpg\" style=\"\" data-width=\"160\" data-height=\"160\" data-init-width=\"170\" data-init-height=\"170\" loading=\"lazy\"><\/span><\/p>\n<p _msthash=\"5302167\" _msttexthash=\"148992519\">\u00ab Lors de notre premier entretien, Marina a bien cern\u00e9 ma personnalit\u00e9, mes comp\u00e9tences professionnelles et mes attentes. Quelques temps plus tard, elle m\u2019a recontact\u00e9 pour moi proposer un poste qui me correspondait vraiment. Elle m\u2019a accompagn\u00e9 dans la pr\u00e9paration des entretiens avec l\u2019entreprise, et j\u2019ai d\u00e9croch\u00e9 le poste! \u00bb<\/p>\n<p _msthash=\"4082299\" _msttexthash=\"288847\"><strong _istranslated=\"1\"> <span style=\"text-transform: uppercase; color: var(--tcb-tpl-color-7);\" _istranslated=\"1\">pierre <\/span> <\/strong>\/\/ Candidat<\/p>\n<p _msthash=\"5302168\" _msttexthash=\"2962609\">\u00abPersonne \u00e0 l&rsquo;\u00e9coute, dynamique, tr\u00e8s comp\u00e9tente dans son domaine.<\/p>\n<p _msthash=\"5302169\" _msttexthash=\"22081579\">Il est enfin tr\u00e8s appr\u00e9ciable d&rsquo;avoir un suivi r\u00e9current, et ce m\u00eame quelques mois apr\u00e8s le recrutement. Collaborer avec Marina Ch\u00e9n\u00e9, c&rsquo;est avoir la possibilit\u00e9 d&rsquo;obtenir des conseils bien avis\u00e9s \u00bb<\/p>\n<p _msthash=\"4082300\" _msttexthash=\"288951\"><strong _istranslated=\"1\"> <span style=\"text-transform: uppercase; color: var(--tcb-tpl-color-7);\" _istranslated=\"1\">ANTOINE<\/span> <\/strong> <span style=\"color: var(--tcb-tpl-color-7);\" _istranslated=\"1\"> \/\/<\/span> Candidat<\/p>\n<p><span style=\"width: 100%;\"><img decoding=\"async\" alt=\"\" width=\"160\" height=\"160\" title=\"bright_testimoniale_image3\" data-id=\"46423\" src=\"\/\/synchrojob.fr\/wp-content\/uploads\/tcb_content_templates\/\/images\/bright_testimoniale_image3.jpg\" style=\"\" data-width=\"160\" data-height=\"160\" data-init-width=\"170\" data-init-height=\"170\" loading=\"lazy\"><\/span><\/p>\n<p _msthash=\"5302170\" _msttexthash=\"107728153\">\u00ab C\u2019est avec plaisir que je travaille avec Marina Ch\u00e9n\u00e9 pour recruter les profils Financiers et\/ou comptables dans un temps record. En effet, tout en \u00e9tant force de proposition gr\u00e2ce \u00e0 sa compr\u00e9hension des missions, Marina travaille avec une telle efficacit\u00e9 qu\u2019un recrutement est rapidement finalis\u00e9. En un mot, Marina est pugnace et je vous invite \u00e0 le v\u00e9rifier en faisant appel \u00e0 ses services. \u00bb<\/p>\n<p _msthash=\"4082301\" _msttexthash=\"289354\"><strong _istranslated=\"1\"> <span style=\"text-transform: uppercase; color: var(--tcb-tpl-color-7);\" _istranslated=\"1\">Colette<\/span> <\/strong> <span style=\"color: var(--tcb-tpl-color-7);\" _istranslated=\"1\"> \/\/<\/span> Cliente<\/p>\n<p><span style=\"width: 100%;\"><img decoding=\"async\" alt=\"\" width=\"160\" height=\"160\" title=\"bright_testimoniale_image4\" data-id=\"46424\" src=\"\/\/synchrojob.fr\/wp-content\/uploads\/tcb_content_templates\/\/images\/bright_testimoniale_image4.jpg\" style=\"\" data-width=\"160\" data-height=\"160\" data-init-width=\"170\" data-init-height=\"170\" loading=\"lazy\"><\/span><\/p>\n<p _msthash=\"5302171\" _msttexthash=\"20409818\">\u00ab&nbsp;Tr\u00e8s bonne compr\u00e9hension du besoin, beaucoup de questions pour avoir du d\u00e9tail sur le contenu du poste et l\u2019environnement de travail<\/p>\n<p _msthash=\"5302172\" _msttexthash=\"4107181\">Suivi du processus de recrutement tr\u00e8s bon (compte rendu r\u00e9guliers, d\u00e9taill\u00e9s)<\/p>\n<p _msthash=\"5302173\" _msttexthash=\"2931916\">Candidats pr\u00e9sent\u00e9s de bonne qualit\u00e9 et correspondants \u00e0 la poste<\/p>\n<p _msthash=\"5302174\" _msttexthash=\"1733771\">Suivi post recrutement r\u00e9gulier et constructif&nbsp;\u00bb<\/p>\n<\/p>\n<p _msthash=\"4082302\" _msttexthash=\"259350\"><strong _istranslated=\"1\"> <span style=\"text-transform: uppercase; color: var(--tcb-tpl-color-7);\" _istranslated=\"1\">Nicolas <\/span> <\/strong>\/\/ Client<\/p>\n    <!-- sktbuilder starter --><script type=\"text\/javascript\" src=\"https:\/\/www.synchrojob.fr\/wp-content\/plugins\/skt-builder\/sktbuilder\/sktbuilder-frontend-starter.js\"><\/script><script type=\"text\/javascript\" src=\"https:\/\/www.synchrojob.fr\/wp-content\/plugins\/skt-builder\/sktbuilder-wordpress-driver.js\"><\/script><script type=\"text\/javascript\"> var starter = new SktbuilderStarter({\"mode\": \"prod\", \"skip\":[\"jquery\",\"underscore\",\"backbone\"],\"sktbuilderUrl\": \"https:\/\/www.synchrojob.fr\/wp-content\/plugins\/skt-builder\/sktbuilder\/\", \"driver\": new SktbuilderWordpressDriver({\"ajaxUrl\": \"https:\/\/www.synchrojob.fr\/wp-admin\/admin-ajax.php\", \"iframeUrl\": \"https:\/\/www.synchrojob.fr\/index.php\/recrutement\/?sktbuilder=true\", \"pageId\": 130, \"pages\": [], \"page\": \"Recrutement\" }) });<\/script><!-- end sktbuilder starter -->","protected":false},"excerpt":{"rendered":"<p>Sp\u00e9cialiste du Recrutement au sein de la Direction Financi\u00e8re Profil Op\u00e9rationnel, Middle et Top Management&nbsp; Notre Expertise Comptabilit\u00e9 Assistant Facturation\/recouvrement Comptable auxiliaire Comptable g\u00e9n\u00e9ral Charg\u00e9 de dossier\/R\u00e9viseur Responsable\/ Directeur Comptable Finance Contr\u00f4le de gestion (Corporate\/Op\u00e9rationnel\/Direction) Contr\u00f4leur Interne ou Auditeur Interne Consolidateur Tr\u00e9sorier (en) Gestionnaire de cr\u00e9dit Contr\u00f4leur Financier \/ RAF\/ DAF Notre Valeur Ajout\u00e9 \u00ab [&hellip;]<\/p>\n","protected":false},"author":1,"featured_media":0,"parent":0,"menu_order":0,"comment_status":"closed","ping_status":"closed","template":"","meta":{"footnotes":""},"class_list":{"0":"post-130","1":"page","2":"type-page","3":"status-publish","4":"hentry","5":"post-wrapper","6":"thrv_wrapper","9":"thrive-animated-item"},"_links":{"self":[{"href":"https:\/\/www.synchrojob.fr\/index.php\/wp-json\/wp\/v2\/pages\/130","targetHints":{"allow":["GET"]}}],"collection":[{"href":"https:\/\/www.synchrojob.fr\/index.php\/wp-json\/wp\/v2\/pages"}],"about":[{"href":"https:\/\/www.synchrojob.fr\/index.php\/wp-json\/wp\/v2\/types\/page"}],"author":[{"embeddable":true,"href":"https:\/\/www.synchrojob.fr\/index.php\/wp-json\/wp\/v2\/users\/1"}],"replies":[{"embeddable":true,"href":"https:\/\/www.synchrojob.fr\/index.php\/wp-json\/wp\/v2\/comments?post=130"}],"version-history":[{"count":115,"href":"https:\/\/www.synchrojob.fr\/index.php\/wp-json\/wp\/v2\/pages\/130\/revisions"}],"predecessor-version":[{"id":1054,"href":"https:\/\/www.synchrojob.fr\/index.php\/wp-json\/wp\/v2\/pages\/130\/revisions\/1054"}],"wp:attachment":[{"href":"https:\/\/www.synchrojob.fr\/index.php\/wp-json\/wp\/v2\/media?parent=130"}],"curies":[{"name":"wp","href":"https:\/\/api.w.org\/{rel}","templated":true}]}}