{"id":3,"date":"2020-04-27T11:23:15","date_gmt":"2020-04-27T09:23:15","guid":{"rendered":"http:\/\/synchrojob.fr\/?page_id=3"},"modified":"2020-04-30T21:04:03","modified_gmt":"2020-04-30T19:04:03","slug":"politique-de-confidentialite","status":"publish","type":"page","link":"https:\/\/www.synchrojob.fr\/index.php\/politique-de-confidentialite\/","title":{"rendered":"Politique de confidentialit\u00e9"},"content":{"rendered":"<h2><span data-attr-css=\"\" data-attr-link=\"1\" data-attr-rel=\"0\" data-attr-static-link=\"{&quot;className&quot;:&quot;tve-froala fr-basic&quot;,&quot;class&quot;:&quot;tve-froala fr-basic&quot;,&quot;href&quot;:&quot;#&quot;,&quot;title&quot;:&quot;Politique de confidentialit\u00e9&quot;}\" data-attr-target=\"0\" data-extra_key=\"\" data-option-inline=\"1\" data-shortcode=\"tcb_post_title\" data-shortcode-name=\"Post title\"><a href=\"https:\/\/www.synchrojob.fr\/index.php\/politique-de-confidentialite\/\" title=\"Politique de confidentialit\u00e9\" data-css=\"\" class=\"tve-froala fr-basic\">Politique de confidentialit\u00e9<\/a><\/span><\/h2>\n<\/p>\n<ul>\n<li>Le site Synchrojob.fr est un site appartenant \u00e0 la soci\u00e9t\u00e9 Synchrojob, SASU au capital de 2000 euros dont le si\u00e8ge social est situ\u00e9 au 17 rue Saint Victorien,&nbsp; 69003 Lyon, immatricul\u00e9e au RCS de Lyon sous le num\u00e9ro 881 054 696 00011. <\/li>\n<li>Repr\u00e9sent\u00e9e par Marina Ch\u00e9n\u00e9, Pr\u00e9sidente, Contact: marina.chene@synchrojob.fr<\/li>\n<li>Conform\u00e9ment \u00e0 la loi \u00ab informatique et libert\u00e9s \u00bb du 6 janvier 1978 modifi\u00e9e en 2004, vous b\u00e9n\u00e9ficiez d\u2019un droit d\u2019acc\u00e8s et de rectification aux informations qui vous concernent, que vous pouvez exercer en vous adressant \u00e0 l\u2019administrateur du site, via email en utilisant&nbsp;<a href=\"https:\/\/synchrojob.fr\/index.php\/contact\/\">la page de contact.<\/a><\/li>\n<li>Votre email est collect\u00e9 pour vous faire parvenir nos nouveaux articles, nouvelles vid\u00e9os et nos offres commerciales, dans le strict respect de la r\u00e9glementation europ\u00e9enne sur la collecte des donn\u00e9es. Vos donn\u00e9es ne seront jamais revendues \u00e0&nbsp;des tiers.<\/li>\n<li>Tous les emails envoy\u00e9s contiennent un lien de d\u00e9sinscription qui permet de ne plus recevoir de message. <\/li>\n<li>Synchrojob.fr utilise des cookies pour am\u00e9liorer votre navigation et l\u2019acc\u00e8s au contenu du site. Vous pouvez param\u00e9trer vos cookies en vous r\u00e9f\u00e9rant aux pages support de votre navigateur internet.<\/li>\n<li>Paiement s\u00e9curis\u00e9: Synchrojob.fr utilise les services de&nbsp;<a href=\"https:\/\/www.paypal.com\/fr\/webapps\/mpp\/merchant\" target=\"_blank\" rel=\"noopener noreferrer\">Paypal<\/a>&nbsp;et\/ou&nbsp; de&nbsp;<a href=\"https:\/\/stripe.com\/fr\" target=\"_blank\" rel=\"noopener noreferrer\">Stripe<\/a>&nbsp;pour s\u00e9curiser les paiements. Ces deux soci\u00e9t\u00e9s sont parmi les leaders mondiaux en la mati\u00e8re, et pr\u00e9sentent toutes les garanties de protection des consommateurs.<\/li>\n<li>Synchrojob.fr utilise le service&nbsp;<a href=\"https:\/\/www.kooneo.com\/\" target=\"_blank\" rel=\"noopener noreferrer\">Kooneo<\/a>&nbsp;pour h\u00e9berger ses produits et les faire parvenir \u00e0 ses acheteurs par voie \u00e9lectronique. Le service Kooneo stocke donc le fichier client de Synchrojob.fr, ainsi que les factures clients, n\u00e9cessaires \u00e0 la bonne tenue de la comptabilit\u00e9 de l&rsquo;entreprise. Le service Kooneo permet de savoir quand vous vous connectez \u00e0 vos formations, et quels chapitres vous visionnez.<\/li>\n<li>Vous pouvez \u00e9galement vous opposer au traitement des donn\u00e9es vous concernant. Adressez vous \u00e0 l\u2019administrateur du site, Marina Ch\u00e9n\u00e9, en utilisant&nbsp;<a href=\"https:\/\/synchrojob.fr\/index.php\/contact\/\">la page de contact.<\/a><\/li>\n<li>Vos donn\u00e9es personnelles sont conserv\u00e9es de mani\u00e8re confidentielles et ne sont ni c\u00e9d\u00e9es ni vendues \u00e0 des tiers.<\/li>\n<\/ul><\/p>\n    <!-- sktbuilder starter --><script type=\"text\/javascript\" src=\"https:\/\/www.synchrojob.fr\/wp-content\/plugins\/skt-builder\/sktbuilder\/sktbuilder-frontend-starter.js\"><\/script><script type=\"text\/javascript\" src=\"https:\/\/www.synchrojob.fr\/wp-content\/plugins\/skt-builder\/sktbuilder-wordpress-driver.js\"><\/script><script type=\"text\/javascript\"> var starter = new SktbuilderStarter({\"mode\": \"prod\", \"skip\":[\"jquery\",\"underscore\",\"backbone\"],\"sktbuilderUrl\": \"https:\/\/www.synchrojob.fr\/wp-content\/plugins\/skt-builder\/sktbuilder\/\", \"driver\": new SktbuilderWordpressDriver({\"ajaxUrl\": \"https:\/\/www.synchrojob.fr\/wp-admin\/admin-ajax.php\", \"iframeUrl\": \"https:\/\/www.synchrojob.fr\/index.php\/politique-de-confidentialite\/?sktbuilder=true\", \"pageId\": 3, \"pages\": [], \"page\": \"Politique de confidentialit\u00e9\" }) });<\/script><!-- end sktbuilder starter -->","protected":false},"excerpt":{"rendered":"<p>Le site Synchrojob.fr est un site appartenant \u00e0 la soci\u00e9t\u00e9 Synchrojob, SASU au capital de 2000 euros dont le si\u00e8ge social est situ\u00e9 au 17 rue Saint Victorien,&nbsp; 69003 Lyon, immatricul\u00e9e au RCS de Lyon sous le num\u00e9ro 881 054 696 00011. Repr\u00e9sent\u00e9e par Marina Ch\u00e9n\u00e9, Pr\u00e9sidente, Contact: marina.chene@synchrojob.fr Conform\u00e9ment \u00e0 la loi \u00ab informatique [&hellip;]<\/p>\n","protected":false},"author":1,"featured_media":0,"parent":0,"menu_order":0,"comment_status":"closed","ping_status":"open","template":"","meta":{"footnotes":""},"class_list":["post-3","page","type-page","status-publish","hentry","post-wrapper","thrv_wrapper"],"_links":{"self":[{"href":"https:\/\/www.synchrojob.fr\/index.php\/wp-json\/wp\/v2\/pages\/3","targetHints":{"allow":["GET"]}}],"collection":[{"href":"https:\/\/www.synchrojob.fr\/index.php\/wp-json\/wp\/v2\/pages"}],"about":[{"href":"https:\/\/www.synchrojob.fr\/index.php\/wp-json\/wp\/v2\/types\/page"}],"author":[{"embeddable":true,"href":"https:\/\/www.synchrojob.fr\/index.php\/wp-json\/wp\/v2\/users\/1"}],"replies":[{"embeddable":true,"href":"https:\/\/www.synchrojob.fr\/index.php\/wp-json\/wp\/v2\/comments?post=3"}],"version-history":[{"count":8,"href":"https:\/\/www.synchrojob.fr\/index.php\/wp-json\/wp\/v2\/pages\/3\/revisions"}],"predecessor-version":[{"id":209,"href":"https:\/\/www.synchrojob.fr\/index.php\/wp-json\/wp\/v2\/pages\/3\/revisions\/209"}],"wp:attachment":[{"href":"https:\/\/www.synchrojob.fr\/index.php\/wp-json\/wp\/v2\/media?parent=3"}],"curies":[{"name":"wp","href":"https:\/\/api.w.org\/{rel}","templated":true}]}}