{"id":32,"date":"2020-04-28T14:16:05","date_gmt":"2020-04-28T12:16:05","guid":{"rendered":"https:\/\/synchrojob.fr\/?page_id=32"},"modified":"2022-05-24T10:51:43","modified_gmt":"2022-05-24T08:51:43","slug":"contact","status":"publish","type":"page","link":"https:\/\/www.synchrojob.fr\/index.php\/contact\/","title":{"rendered":"Contact"},"content":{"rendered":"<h2 style=\"\" _msthash=\"106795\" _msttexthash=\"292695\" _mstvisible=\"5\">Mes coordonn\u00e9es<\/h2>\n<p style=\"text-align: left;\" _mstvisible=\"5\"><strong _msthash=\"97838\" _msttexthash=\"80665\" _mstvisible=\"6\">06 99 78 37 46<\/strong><\/p>\n<p style=\"text-align: left;\" _mstvisible=\"5\"><strong _msthash=\"164736\" _msttexthash=\"660725\" _mstvisible=\"6\">marina.chene@synchrojob.fr&nbsp;<\/strong><\/p>\n<h2 style=\"\" _msthash=\"825136\" _msttexthash=\"959595\">Vous souhaitez \u00eatre recontact\u00e9(e) ?<\/h2>\n<p>Pr\u00e9nom Pr\u00e9nom Nom (Nom) Adresse e-mailNum\u00e9ro de t\u00e9l\u00e9phoneMessageEnvoyer<\/p>\n    <!-- sktbuilder starter --><script type=\"text\/javascript\" src=\"https:\/\/www.synchrojob.fr\/wp-content\/plugins\/skt-builder\/sktbuilder\/sktbuilder-frontend-starter.js\"><\/script><script type=\"text\/javascript\" src=\"https:\/\/www.synchrojob.fr\/wp-content\/plugins\/skt-builder\/sktbuilder-wordpress-driver.js\"><\/script><script type=\"text\/javascript\"> var starter = new SktbuilderStarter({\"mode\": \"prod\", \"skip\":[\"jquery\",\"underscore\",\"backbone\"],\"sktbuilderUrl\": \"https:\/\/www.synchrojob.fr\/wp-content\/plugins\/skt-builder\/sktbuilder\/\", \"driver\": new SktbuilderWordpressDriver({\"ajaxUrl\": \"https:\/\/www.synchrojob.fr\/wp-admin\/admin-ajax.php\", \"iframeUrl\": \"https:\/\/www.synchrojob.fr\/index.php\/contact\/?sktbuilder=true\", \"pageId\": 32, \"pages\": [], \"page\": \"Contact\" }) });<\/script><!-- end sktbuilder starter -->","protected":false},"excerpt":{"rendered":"<p>Mes coordonn\u00e9es 06 99 78 37 46 marina.chene@synchrojob.fr&nbsp; Vous souhaitez \u00eatre recontact\u00e9(e) ? Pr\u00e9nom Pr\u00e9nom Nom (Nom) Adresse e-mailNum\u00e9ro de t\u00e9l\u00e9phoneMessageEnvoyer<\/p>\n","protected":false},"author":1,"featured_media":0,"parent":0,"menu_order":0,"comment_status":"closed","ping_status":"closed","template":"","meta":{"footnotes":""},"class_list":["post-32","page","type-page","status-publish","hentry","post-wrapper","thrv_wrapper"],"_links":{"self":[{"href":"https:\/\/www.synchrojob.fr\/index.php\/wp-json\/wp\/v2\/pages\/32","targetHints":{"allow":["GET"]}}],"collection":[{"href":"https:\/\/www.synchrojob.fr\/index.php\/wp-json\/wp\/v2\/pages"}],"about":[{"href":"https:\/\/www.synchrojob.fr\/index.php\/wp-json\/wp\/v2\/types\/page"}],"author":[{"embeddable":true,"href":"https:\/\/www.synchrojob.fr\/index.php\/wp-json\/wp\/v2\/users\/1"}],"replies":[{"embeddable":true,"href":"https:\/\/www.synchrojob.fr\/index.php\/wp-json\/wp\/v2\/comments?post=32"}],"version-history":[{"count":40,"href":"https:\/\/www.synchrojob.fr\/index.php\/wp-json\/wp\/v2\/pages\/32\/revisions"}],"predecessor-version":[{"id":1171,"href":"https:\/\/www.synchrojob.fr\/index.php\/wp-json\/wp\/v2\/pages\/32\/revisions\/1171"}],"wp:attachment":[{"href":"https:\/\/www.synchrojob.fr\/index.php\/wp-json\/wp\/v2\/media?parent=32"}],"curies":[{"name":"wp","href":"https:\/\/api.w.org\/{rel}","templated":true}]}}