{"id":950,"date":"2020-11-29T14:54:15","date_gmt":"2020-11-29T13:54:15","guid":{"rendered":"https:\/\/www.synchrojob.fr\/index.php\/clone-of-bilan-de-competences-coache\/"},"modified":"2020-11-30T12:56:55","modified_gmt":"2020-11-30T11:56:55","slug":"coaching-personnalise","status":"publish","type":"page","link":"https:\/\/www.synchrojob.fr\/index.php\/coaching-personnalise\/","title":{"rendered":"Coaching Personnalis\u00e9"},"content":{"rendered":"<h2 _msthash=\"829075\" _msthidden=\"1\" _msttexthash=\"594451\" style=\"text-align: center;\">Coaching Personnalis\u00e9<\/h2>\n<h2>R\u00e9ussir sa Transition Professionnelle<\/h2>\n<h2 style=\"\"><span style=\"\">Coaching sp\u00e9cifique aux techniques de retour \u00e0 l\u2019emploi&nbsp;<\/span><\/h2>\n<p>Cr\u00e9er un CV personnalis\u00e9 et adapt\u00e9 \u00e0 son projet professionnel<\/p>\n<p>Pr\u00e9paration \u00e0 l\u2019entretien d\u2019embauche (questions essentielles, mise en sc\u00e8ne)<\/p>\n<p>Gagner en s\u00e9r\u00e9nit\u00e9 lors des entretiens d\u2019embauche ou rendez-vous clients&nbsp;<\/p>\n<p style=\"text-align: left;\">Coaching en D\u00e9veloppement personnel au service de votre Carri\u00e8re<\/p>\n<p>D\u00e9velopper sa confiance en soi, posture, techniques de respiration et visualisation, \u2026<\/p>\n<p>Renforcer et ancrer sa motivation dans la dur\u00e9e<\/p>\n<p>Gestion du stress, du temps, priorisation, d\u00e9l\u00e9gation<\/p>\n<p>Accompagnement prise de poste<\/p>\n<h2>Notre Valeur Ajout\u00e9<\/h2>\n<p>Coach Professionnel certifi\u00e9e, dipl\u00f4m\u00e9e de la formation Linkup Coaching reconnue par l\u2019\u00e9tat, inscrite au RNCP Niveau 7<\/p>\n<p>Je mets \u00e0 votre service 14 ans d\u2019exp\u00e9rience en relations humaines<\/p>\n<p>(management, commercial, formation, recrutement, conseils et coaching individuel)<\/p>\n<p>De nature pragmatique et engag\u00e9e, je vous garantie professionnalisme, \u00e9coute et solutions concr\u00e8tes pour retrouver l\u2019\u00e9panouissement professionnel<\/p>\n<p><a href=\"https:\/\/www.synchrojob.fr\/index.php\/code-deontologique-de-coaching-de-lemmc-france\/\" target=\"_blank\" style=\"outline: none;\" rel=\"noopener noreferrer\">T\u00e9l\u00e9charger le code d\u00e9ontologique de la profession &#8211; EMMC France<\/a><\/p>\n<h2 style=\"text-align: left;\"><strong><strong>Notre Fonctionnement<\/strong><\/strong><\/h2>\n<p>La premi\u00e8re s\u00e9ance dites \u00ab&nbsp;de d\u00e9couverte&nbsp;\u00bb est gratuite, elle dure environ 45 minutes. Cette s\u00e9ance nous permet de nous connaitre, de vous pr\u00e9senter mes outils, ma d\u00e9ontologie et mon processus d\u2019accompagnement. Nous fixons ensemble notre cadre de travail et vous m\u2019exposez les raisons de votre demande d\u2019accompagnement.<\/p>\n<p>Ensuite les s\u00e9ances individuelles de coaching, sont payantes et durent en moyenne 1h15, nous choisirons ensemble la fr\u00e9quence et la dur\u00e9e en fonction de vos objectifs.&nbsp;<\/p>\n<p>Le but du coach est de lib\u00e9rer le potentiel des individus et\/ou des \u00e9quipes, tout en veillant \u00e0 assurer leur responsabilit\u00e9, leur autonomie et leur mise en action vers la r\u00e9alisation de leur objectif. Il s\u2019agit d\u2019un travail collaboratif, o\u00f9 vous engagez pleinement dans un d\u00e9veloppement personnel. Votre \u00e9volution r\u00e9sultera de votre engagement \u00e0 mobiliser les ressources disponibles. Votre Coach sera votre meilleur alli\u00e9 en cr\u00e9ant une relation de confiance s\u00e9curisante et en fluidifiant vos r\u00e9flexions.<\/p>\n<p>Un processus de coaching dure entre 4 et 10 s\u00e9ances sur une moyenne de 4 mois (un an maximum).<\/p>\n<p>Tarif sur demande&nbsp;<\/p>\n<h2 style=\"text-align: left;\">Vous souhaitez \u00eatre accompagn\u00e9 (e) ?<\/h2>\n<p> __CONFIG_colors_palette__{\u00ab\u00a0active_palette\u00a0\u00bb:0,\u00a0\u00bbconfig\u00a0\u00bb:{\u00ab\u00a0colors\u00a0\u00bb:{\u00ab\u00a062516\u00a0\u00bb:{\u00ab\u00a0name\u00a0\u00bb:\u00a0\u00bbMain Accent\u00a0\u00bb,\u00a0\u00bbparent\u00a0\u00bb:-1}},\u00a0\u00bbgradients\u00a0\u00bb:[]},\u00a0\u00bbpalettes\u00a0\u00bb:[{\u00ab\u00a0name\u00a0\u00bb:\u00a0\u00bbDefault Palette\u00a0\u00bb,\u00a0\u00bbvalue\u00a0\u00bb:{\u00ab\u00a0colors\u00a0\u00bb:{\u00ab\u00a062516\u00a0\u00bb:{\u00ab\u00a0val\u00a0\u00bb:\u00a0\u00bbvar(&#8211;tcb-tpl-color-0)\u00a0\u00bb,\u00a0\u00bbhsl\u00a0\u00bb:{\u00ab\u00a0h\u00a0\u00bb:76,\u00a0\u00bbs\u00a0\u00bb:0.8367,\u00a0\u00bbl\u00a0\u00bb:0.01}}},\u00a0\u00bbgradients\u00a0\u00bb:[]}}]}__CONFIG_colors_palette__ <a href=\"https:\/\/www.synchrojob.fr\/index.php\/contact\/\" target=\"_blank\" style=\"\" rel=\"noopener noreferrer\"> <span><span style=\"\">Prendre mon RDV de D\u00e9couverte<\/span><\/span> <\/a> <\/p>\n    <!-- sktbuilder starter --><script type=\"text\/javascript\" src=\"https:\/\/www.synchrojob.fr\/wp-content\/plugins\/skt-builder\/sktbuilder\/sktbuilder-frontend-starter.js\"><\/script><script type=\"text\/javascript\" src=\"https:\/\/www.synchrojob.fr\/wp-content\/plugins\/skt-builder\/sktbuilder-wordpress-driver.js\"><\/script><script type=\"text\/javascript\"> var starter = new SktbuilderStarter({\"mode\": \"prod\", \"skip\":[\"jquery\",\"underscore\",\"backbone\"],\"sktbuilderUrl\": \"https:\/\/www.synchrojob.fr\/wp-content\/plugins\/skt-builder\/sktbuilder\/\", \"driver\": new SktbuilderWordpressDriver({\"ajaxUrl\": \"https:\/\/www.synchrojob.fr\/wp-admin\/admin-ajax.php\", \"iframeUrl\": \"https:\/\/www.synchrojob.fr\/index.php\/coaching-personnalise\/?sktbuilder=true\", \"pageId\": 950, \"pages\": [], \"page\": \"Coaching Personnalis\u00e9\" }) });<\/script><!-- end sktbuilder starter -->","protected":false},"excerpt":{"rendered":"<p>Coaching Personnalis\u00e9 R\u00e9ussir sa Transition Professionnelle Coaching sp\u00e9cifique aux techniques de retour \u00e0 l\u2019emploi&nbsp; Cr\u00e9er un CV personnalis\u00e9 et adapt\u00e9 \u00e0 son projet professionnel Pr\u00e9paration \u00e0 l\u2019entretien d\u2019embauche (questions essentielles, mise en sc\u00e8ne) Gagner en s\u00e9r\u00e9nit\u00e9 lors des entretiens d\u2019embauche ou rendez-vous clients&nbsp; Coaching en D\u00e9veloppement personnel au service de votre Carri\u00e8re D\u00e9velopper sa confiance [&hellip;]<\/p>\n","protected":false},"author":1,"featured_media":0,"parent":0,"menu_order":0,"comment_status":"closed","ping_status":"closed","template":"","meta":{"footnotes":""},"class_list":["post-950","page","type-page","status-publish","hentry","post-wrapper","thrv_wrapper"],"_links":{"self":[{"href":"https:\/\/www.synchrojob.fr\/index.php\/wp-json\/wp\/v2\/pages\/950","targetHints":{"allow":["GET"]}}],"collection":[{"href":"https:\/\/www.synchrojob.fr\/index.php\/wp-json\/wp\/v2\/pages"}],"about":[{"href":"https:\/\/www.synchrojob.fr\/index.php\/wp-json\/wp\/v2\/types\/page"}],"author":[{"embeddable":true,"href":"https:\/\/www.synchrojob.fr\/index.php\/wp-json\/wp\/v2\/users\/1"}],"replies":[{"embeddable":true,"href":"https:\/\/www.synchrojob.fr\/index.php\/wp-json\/wp\/v2\/comments?post=950"}],"version-history":[{"count":17,"href":"https:\/\/www.synchrojob.fr\/index.php\/wp-json\/wp\/v2\/pages\/950\/revisions"}],"predecessor-version":[{"id":1017,"href":"https:\/\/www.synchrojob.fr\/index.php\/wp-json\/wp\/v2\/pages\/950\/revisions\/1017"}],"wp:attachment":[{"href":"https:\/\/www.synchrojob.fr\/index.php\/wp-json\/wp\/v2\/media?parent=950"}],"curies":[{"name":"wp","href":"https:\/\/api.w.org\/{rel}","templated":true}]}}